{"id":216,"date":"2014-03-28T21:55:43","date_gmt":"2014-02-21T13:49:24","guid":{"rendered":"http:\/\/koraty.pl\/wp\/?page_id=216"},"modified":"2017-02-21T20:47:29","modified_gmt":"2017-02-21T20:47:29","slug":"korat-a-kot-rosyjski-niebieski","status":"publish","type":"page","link":"https:\/\/koraty.pl\/wp\/rasa-korat\/korat-a-kot-rosyjski-niebieski\/","title":{"rendered":"korat a kot rosyjski niebieski"},"content":{"rendered":"<p align=\"justify\">Te dwie rasy kot\u00f3w zdecydowanie r\u00f3\u017cni\u0105 si\u0119 usposobieniem: kot rosyjski niebieski jest pow\u015bci\u0105gliwy, ceni sobie spok\u00f3j i bywa nieufny wobec go\u015bci; korat jest \u015bmia\u0142y, zr\u00f3wnowa\u017cony, towarzyski i \u017cywio\u0142owy. Z\u00a0wygl\u0105du na pierwszy rzut oka mo\u017cna \u0142atwo pomyli\u0107 koty tych dw\u00f3ch ras. R\u00f3\u017cni je jednak szereg szczeg\u00f3\u0142\u00f3w: w por\u00f3wnaniu do oczu kota rosyjskiego niebieskiego, kt\u00f3re s\u0105 kszta\u0142tu migda\u0142\u00f3w i musz\u0105 by\u0107 zielone, oczy korata s\u0105 wi\u0119ksze, okr\u0105glejsze i ja\u015bniejsze, i dopuszczalny jest kolor \u017c\u00f3\u0142ty. Uszy korata s\u0105 \u0142agodnie zaokr\u0105glone na ko\u0144cach; uszy kota rosyjskiego s\u0105 bardziej spiczaste. Nos korata ma delikatny stop, a czubek jest delikatnie zakrzywiony, co nie wyst\u0119puje u\u00a0kota rosyjskiego, kt\u00f3rego nos jest zupe\u0142nie p\u0142aski. G\u0142owa korata jest okr\u0105g\u0142a z\u00a0wyra\u017anie zaznaczonym kszta\u0142tnym pyszczkiem; g\u0142owa kota rosyjskiego jest w\u00a0kszta\u0142cie klina.<\/p>\n<h6 align=\"justify\"><a href=\"https:\/\/koraty.pl\/wp\/wp-content\/uploads\/2014\/02\/N037630-kw.jpg\" rel=\"lightbox[216]\"><img loading=\"lazy\" decoding=\"async\" class=\"alignnone size-thumbnail wp-image-2806\" title=\"rosyjski niebieski\" src=\"https:\/\/koraty.pl\/wp\/wp-content\/uploads\/2014\/02\/N037630-kw-150x150.jpg\" alt=\"\" width=\"150\" height=\"150\" srcset=\"https:\/\/koraty.pl\/wp\/wp-content\/uploads\/2014\/02\/N037630-kw-150x150.jpg 150w, https:\/\/koraty.pl\/wp\/wp-content\/uploads\/2014\/02\/N037630-kw-300x300.jpg 300w, https:\/\/koraty.pl\/wp\/wp-content\/uploads\/2014\/02\/N037630-kw.jpg 600w\" sizes=\"auto, (max-width: 150px) 100vw, 150px\" \/><\/a>\u00a0\u00a0\u00a0<a href=\"https:\/\/koraty.pl\/wp\/wp-content\/uploads\/2014\/02\/N037632-kw3.jpg\" rel=\"lightbox[216]\"><img loading=\"lazy\" decoding=\"async\" class=\"alignnone size-thumbnail wp-image-2807\" title=\"rosyjski niebieski\" src=\"https:\/\/koraty.pl\/wp\/wp-content\/uploads\/2014\/02\/N037632-kw3-150x150.jpg\" alt=\"\" width=\"150\" height=\"150\" srcset=\"https:\/\/koraty.pl\/wp\/wp-content\/uploads\/2014\/02\/N037632-kw3-150x150.jpg 150w, https:\/\/koraty.pl\/wp\/wp-content\/uploads\/2014\/02\/N037632-kw3-300x300.jpg 300w, https:\/\/koraty.pl\/wp\/wp-content\/uploads\/2014\/02\/N037632-kw3.jpg 600w\" sizes=\"auto, (max-width: 150px) 100vw, 150px\" \/><\/a>\u00a0 \u00a0<a href=\"https:\/\/koraty.pl\/wp\/wp-content\/uploads\/2014\/02\/N052482-kw.jpg\" rel=\"lightbox[216]\"><img loading=\"lazy\" decoding=\"async\" class=\"alignnone size-thumbnail wp-image-2808\" title=\"korat\" src=\"https:\/\/koraty.pl\/wp\/wp-content\/uploads\/2014\/02\/N052482-kw-150x150.jpg\" alt=\"\" width=\"150\" height=\"150\" srcset=\"https:\/\/koraty.pl\/wp\/wp-content\/uploads\/2014\/02\/N052482-kw-150x150.jpg 150w, https:\/\/koraty.pl\/wp\/wp-content\/uploads\/2014\/02\/N052482-kw-300x300.jpg 300w, https:\/\/koraty.pl\/wp\/wp-content\/uploads\/2014\/02\/N052482-kw.jpg 600w\" sizes=\"auto, (max-width: 150px) 100vw, 150px\" \/><\/a>\u00a0 \u00a0<a href=\"https:\/\/koraty.pl\/wp\/wp-content\/uploads\/2014\/02\/N052490kw.jpg\" rel=\"lightbox[216]\"><img loading=\"lazy\" decoding=\"async\" class=\"alignnone size-thumbnail wp-image-2809\" title=\"korat\" src=\"https:\/\/koraty.pl\/wp\/wp-content\/uploads\/2014\/02\/N052490kw-150x150.jpg\" alt=\"\" width=\"150\" height=\"150\" srcset=\"https:\/\/koraty.pl\/wp\/wp-content\/uploads\/2014\/02\/N052490kw-150x150.jpg 150w, https:\/\/koraty.pl\/wp\/wp-content\/uploads\/2014\/02\/N052490kw-300x300.jpg 300w, https:\/\/koraty.pl\/wp\/wp-content\/uploads\/2014\/02\/N052490kw.jpg 600w\" sizes=\"auto, (max-width: 150px) 100vw, 150px\" \/><\/a><em>Po lewej: kot rosyjski niebieski, po prawej: korat<\/em><\/h6>\n<p align=\"justify\">Kot rosyjski ma gibkie cia\u0142o o delikatnym ko\u015b\u0107cu, d\u0142ugi tu\u0142\u00f3w i szyj\u0119 oraz szczup\u0142e \u0142apy, cho\u0107 mo\u017ce wydawa\u0107 si\u0119 mocniej zbudowany z powodu grubego futra, kt\u00f3re cz\u0119sto ma ja\u015bniejszy odcie\u0144 ni\u017c u korata. Korat jest zwarty i umi\u0119\u015bniony, cho\u0107 nie sprawia wra\u017cenia ci\u0119\u017ckiego. Kota rosyjskiego charakteryzuj\u0105 linie proste \u2013 dla korat\u00f3w charakterystyczny jest \u0142agodny, zaokr\u0105glony zarys wszystkich linii cia\u0142a.<\/p>\n<p align=\"justify\">Kilka cech wyr\u00f3\u017cnia korata od wszystkich innych kot\u00f3w niebieskich: rosyjskich, brytyjskich, kartuskich czy orientalnych. Tylko korat ma sercowaty kszta\u0142t twarzy. Jego g\u0119ste, jedwabiste futerko sk\u0142ada si\u0119 z tylko jednej warstwy, skutkiem czego \u015bci\u015ble przylega do cia\u0142a. Korat jest ras\u0105 rzadk\u0105 i wyj\u0105tkowo czyst\u0105 \u2013 w odr\u00f3\u017cnieniu od innych, czyst\u0105 przede wszystkim dzi\u0119ki naturalnej selekcji w naturalnych warunkach \u017cycia, nigdy nie rekonstruowan\u0105. Jego szczeg\u00f3lne pi\u0119kno wywodzi si\u0119 z \u017cycia bliskiego naturze przez wieki &#8211; bez ingerencji cz\u0142owieka.<\/p>\n<p align=\"justify\">Wi\u0119cej (w j\u0119zyku angielskim) na temat r\u00f3\u017cnic pomi\u0119dzy trzema rasami kot\u00f3w, kt\u00f3re wyst\u0119puj\u0105 wy\u0142\u0105cznie w umaszczeniu niebieskim, czyli o kotach kartuskich, rosyjskich oraz koratach mo\u017cna przeczyta\u0107 na stronie\u00a0<a href=\"http:\/\/www.showcatsonline.com\/tc-sco\/blue-breeds-sco.shtml\" target=\"_blank\">Show Cats Online<\/a>. Cechy charakterystyczne r\u00f3\u017cnych kot\u00f3w niebieskich przedstawione s\u0105 r\u00f3wnie\u017c na stronie <a href=\"http:\/\/www.russianblue.info\/bluecats\/body.htm\" target=\"_blank\">What Blue Cat IS That?\u00a0<\/a><\/p>\n","protected":false},"excerpt":{"rendered":"<p>Te dwie rasy kot\u00f3w zdecydowanie r\u00f3\u017cni\u0105 si\u0119 usposobieniem: kot rosyjski niebieski jest pow\u015bci\u0105gliwy, ceni sobie spok\u00f3j i bywa nieufny wobec go\u015bci; korat jest \u015bmia\u0142y, zr\u00f3wnowa\u017cony, towarzyski i \u017cywio\u0142owy. Z\u00a0wygl\u0105du na pierwszy rzut oka mo\u017cna \u0142atwo pomyli\u0107 koty tych dw\u00f3ch ras. &hellip; <a href=\"https:\/\/koraty.pl\/wp\/rasa-korat\/korat-a-kot-rosyjski-niebieski\/\">Continue reading <span class=\"meta-nav\">&rarr;<\/span><\/a><\/p>\n","protected":false},"author":1,"featured_media":0,"parent":59,"menu_order":0,"comment_status":"closed","ping_status":"closed","template":"","meta":{"ngg_post_thumbnail":0,"footnotes":""},"class_list":["post-216","page","type-page","status-publish","hentry"],"_links":{"self":[{"href":"https:\/\/koraty.pl\/wp\/wp-json\/wp\/v2\/pages\/216","targetHints":{"allow":["GET"]}}],"collection":[{"href":"https:\/\/koraty.pl\/wp\/wp-json\/wp\/v2\/pages"}],"about":[{"href":"https:\/\/koraty.pl\/wp\/wp-json\/wp\/v2\/types\/page"}],"author":[{"embeddable":true,"href":"https:\/\/koraty.pl\/wp\/wp-json\/wp\/v2\/users\/1"}],"replies":[{"embeddable":true,"href":"https:\/\/koraty.pl\/wp\/wp-json\/wp\/v2\/comments?post=216"}],"version-history":[{"count":24,"href":"https:\/\/koraty.pl\/wp\/wp-json\/wp\/v2\/pages\/216\/revisions"}],"predecessor-version":[{"id":7433,"href":"https:\/\/koraty.pl\/wp\/wp-json\/wp\/v2\/pages\/216\/revisions\/7433"}],"up":[{"embeddable":true,"href":"https:\/\/koraty.pl\/wp\/wp-json\/wp\/v2\/pages\/59"}],"wp:attachment":[{"href":"https:\/\/koraty.pl\/wp\/wp-json\/wp\/v2\/media?parent=216"}],"curies":[{"name":"wp","href":"https:\/\/api.w.org\/{rel}","templated":true}]}}